{"id":356,"date":"2015-04-23T12:57:21","date_gmt":"2015-04-23T12:57:21","guid":{"rendered":"http:\/\/demo1.wprentals.org\/?page_id=356"},"modified":"2022-10-18T16:28:02","modified_gmt":"2022-10-18T15:28:02","slug":"terms-and-conditions","status":"publish","type":"page","link":"https:\/\/www.renterife-tenerife.com\/fr\/conditions-generales-dutilisation\/","title":{"rendered":"Modalit\u00e9s et conditions"},"content":{"rendered":"<p>Cette politique de confidentialit\u00e9 r\u00e9git la mani\u00e8re dont Renterife Tenerife collecte, utilise, conserve et divulgue les informations recueillies aupr\u00e8s des utilisateurs (chacun, un \"Utilisateur\") du site https:\/\/www.renterife-tenerife.com(\"Site\"). Cette politique de confidentialit\u00e9 s'applique au site et \u00e0 tous les produits et services propos\u00e9s par Renterife Tenerife.<\/p>\n<p><b>Informations d'identification personnelle<\/b><\/p>\n<p>Nous pouvons collecter des informations d'identification personnelle aupr\u00e8s des utilisateurs de diverses mani\u00e8res dans le cadre des activit\u00e9s, services, fonctionnalit\u00e9s ou ressources que nous mettons \u00e0 disposition sur notre site. Les utilisateurs peuvent visiter notre site de mani\u00e8re anonyme. Nous ne recueillons des informations d'identification personnelle aupr\u00e8s des utilisateurs que s'ils nous les soumettent volontairement. Les utilisateurs peuvent toujours refuser de fournir des informations d'identification personnelle, sauf que cela peut les emp\u00eacher de participer \u00e0 certaines activit\u00e9s li\u00e9es au Site.<\/p>\n<p><b>Informations d'identification non personnelles<\/b><\/p>\n<p>Nous pouvons recueillir des informations d'identification non personnelles sur les utilisateurs lorsqu'ils interagissent avec notre site. Les informations d'identification non personnelles peuvent inclure le nom du navigateur, le type d'ordinateur et des informations techniques sur les moyens de connexion des Utilisateurs \u00e0 notre Site, tels que le syst\u00e8me d'exploitation et les fournisseurs de services Internet utilis\u00e9s et d'autres informations similaires.<\/p>\n<p><b>Cookies de navigateur web<\/b><\/p>\n<p>Notre site peut utiliser des \"cookies\" pour am\u00e9liorer l'exp\u00e9rience de l'utilisateur. Le navigateur Web de l'utilisateur place des cookies sur son disque dur \u00e0 des fins d'archivage et parfois pour suivre des informations le concernant. L'utilisateur peut choisir de configurer son navigateur web pour qu'il refuse les cookies, ou pour qu'il vous avertisse lorsque des cookies sont envoy\u00e9s. Dans ce cas, il est \u00e0 noter que certaines parties du site peuvent ne pas fonctionner correctement.<\/p>\n<p><b>Comment nous prot\u00e9geons vos informations<\/b><\/p>\n<p>Nous adoptons des pratiques appropri\u00e9es de collecte, de stockage et de traitement des donn\u00e9es ainsi que des mesures de s\u00e9curit\u00e9 pour nous prot\u00e9ger contre l'acc\u00e8s non autoris\u00e9, la modification, la divulgation ou la destruction de vos informations personnelles, de votre nom d'utilisateur, de votre mot de passe, des informations relatives aux transactions et des donn\u00e9es stock\u00e9es sur notre site.<\/p>\n<p><b>Partage de vos informations personnelles<\/b><\/p>\n<p>Nous ne vendons pas, n'\u00e9changeons pas et ne louons pas les informations d'identification personnelle des utilisateurs \u00e0 des tiers. Nous pouvons partager des informations d\u00e9mographiques g\u00e9n\u00e9riques agr\u00e9g\u00e9es non li\u00e9es \u00e0 des informations d'identification personnelle concernant les visiteurs et les utilisateurs avec nos partenaires commerciaux, nos affili\u00e9s de confiance et nos annonceurs aux fins d\u00e9crites ci-dessus.<\/p>\n<p><b>Modifications de la pr\u00e9sente politique de confidentialit\u00e9<\/b><\/p>\n<p>Renterife Tenerife a la possibilit\u00e9 de mettre \u00e0 jour cette politique de confidentialit\u00e9 \u00e0 tout moment. Lorsque nous le ferons, nous r\u00e9viserons la date de mise \u00e0 jour au bas de cette page. Nous encourageons les utilisateurs \u00e0 consulter fr\u00e9quemment cette page pour v\u00e9rifier si des modifications ont \u00e9t\u00e9 apport\u00e9es, afin de rester inform\u00e9s de la mani\u00e8re dont nous contribuons \u00e0 prot\u00e9ger les informations personnelles que nous recueillons. Vous reconnaissez et acceptez qu'il est de votre responsabilit\u00e9 de consulter p\u00e9riodiquement cette politique de confidentialit\u00e9 et de prendre connaissance des modifications.<\/p>\n<p><b>Votre acceptation de ces conditions<\/b><\/p>\n<p>En utilisant ce site, vous signifiez votre acceptation de cette politique. Si vous n'\u00eates pas d'accord avec cette politique, veuillez ne pas utiliser notre site. Si vous continuez \u00e0 utiliser le site apr\u00e8s la publication de modifications de la pr\u00e9sente politique, vous serez r\u00e9put\u00e9 avoir accept\u00e9 ces modifications.<\/p>\n<p><b>Paiements<\/b><\/p>\n<p>Si vous ajoutez votre propri\u00e9t\u00e9 sur notre site web, vous acceptez que nous facturions des frais de service non remboursables (frais de r\u00e9servation) \u00e0 vos invit\u00e9s. Ces frais sont ajout\u00e9s \u00e0 votre prix. Nous ne facturons pas de frais de service ou de commission \u00e0 nos h\u00f4tes. Nos h\u00f4tes doivent comprendre qu'une fois qu'ils ont confirm\u00e9 une demande de r\u00e9servation, leurs invit\u00e9s doivent payer ces frais de service. M\u00eame si les h\u00f4tes acceptent la r\u00e9servation et l'annulent par la suite, le client doit payer ces frais de service. Tous les accords sur les prix et la collecte des paiements (accepter les frais de service) doivent \u00eatre n\u00e9goci\u00e9s entre l'h\u00f4te et l'invit\u00e9. Nos invit\u00e9s acceptent de payer les frais de service et comprennent que Renterife Tenerife ne peut pas rembourser ces frais de service pour quelque raison que ce soit. M\u00eame si le propri\u00e9taire annule la r\u00e9servation ou si vous n'avez pas pu trouver un accord avec le propri\u00e9taire. Si la r\u00e9servation ne peut \u00eatre effectu\u00e9e en raison d'une erreur technique de Renterife Tenerife, une nouvelle date\/un nouvel appartement peut \u00eatre choisi sans payer de service suppl\u00e9mentaire.<\/p>","protected":false},"excerpt":{"rendered":"<p>Cette politique de confidentialit\u00e9 r\u00e9git la mani\u00e8re dont Renterife Tenerife recueille, utilise, conserve et divulgue les informations recueillies aupr\u00e8s des utilisateurs (chacun, un \"Utilisateur\") du site https:\/\/www.renterife-tenerife.com (\"Site\"). Cette politique de confidentialit\u00e9 s'applique au Site et \u00e0 tous les produits et services offerts par Renterife Tenerife Informations d'identification personnelle Nous pouvons collecter des informations d'identification personnelle aupr\u00e8s des ...<\/p>","protected":false},"author":1,"featured_media":0,"parent":0,"menu_order":0,"comment_status":"closed","ping_status":"closed","template":"terms_conditions.php","meta":{"_monsterinsights_skip_tracking":false,"_monsterinsights_sitenote_active":false,"_monsterinsights_sitenote_note":"","_monsterinsights_sitenote_category":0,"footnotes":"","_joinchat":[]},"_links":{"self":[{"href":"https:\/\/www.renterife-tenerife.com\/fr\/wp-json\/wp\/v2\/pages\/356"}],"collection":[{"href":"https:\/\/www.renterife-tenerife.com\/fr\/wp-json\/wp\/v2\/pages"}],"about":[{"href":"https:\/\/www.renterife-tenerife.com\/fr\/wp-json\/wp\/v2\/types\/page"}],"author":[{"embeddable":true,"href":"https:\/\/www.renterife-tenerife.com\/fr\/wp-json\/wp\/v2\/users\/1"}],"replies":[{"embeddable":true,"href":"https:\/\/www.renterife-tenerife.com\/fr\/wp-json\/wp\/v2\/comments?post=356"}],"version-history":[{"count":2,"href":"https:\/\/www.renterife-tenerife.com\/fr\/wp-json\/wp\/v2\/pages\/356\/revisions"}],"predecessor-version":[{"id":38745,"href":"https:\/\/www.renterife-tenerife.com\/fr\/wp-json\/wp\/v2\/pages\/356\/revisions\/38745"}],"wp:attachment":[{"href":"https:\/\/www.renterife-tenerife.com\/fr\/wp-json\/wp\/v2\/media?parent=356"}],"curies":[{"name":"wp","href":"https:\/\/api.w.org\/{rel}","templated":true}]}}