{"id":39110,"date":"2023-05-05T08:46:41","date_gmt":"2023-05-05T07:46:41","guid":{"rendered":"https:\/\/www.renterife-tenerife.com\/?page_id=39110"},"modified":"2025-06-09T22:13:09","modified_gmt":"2025-06-09T21:13:09","slug":"tenerife-excursions","status":"publish","type":"page","link":"https:\/\/www.renterife-tenerife.com\/fr\/tenerife-excursions\/","title":{"rendered":"Excursions \u00e0 Tenerife"},"content":{"rendered":"<div data-elementor-type=\"wp-page\" data-elementor-id=\"39110\" class=\"elementor elementor-39110\">\n\t\t\t\t\t\t\t\t\t<section class=\"elementor-section elementor-top-section elementor-element elementor-element-5dc377a elementor-section-boxed elementor-section-height-default elementor-section-height-default\" data-id=\"5dc377a\" data-element_type=\"section\">\n\t\t\t\t\t\t<div class=\"elementor-container elementor-column-gap-default\">\n\t\t\t\t\t<div class=\"elementor-column elementor-col-100 elementor-top-column elementor-element elementor-element-8469241\" data-id=\"8469241\" data-element_type=\"column\">\n\t\t\t<div class=\"elementor-widget-wrap elementor-element-populated\">\n\t\t\t\t\t\t\t\t<div class=\"elementor-element elementor-element-38fa7d5 elementor-widget elementor-widget-heading\" data-id=\"38fa7d5\" data-element_type=\"widget\" data-widget_type=\"heading.default\">\n\t\t\t\t<div class=\"elementor-widget-container\">\n\t\t\t<style>\/*! elementor - v3.18.0 - 08-12-2023 *\/\n.elementor-heading-title{padding:0;margin:0;line-height:1}.elementor-widget-heading .elementor-heading-title[class*=elementor-size-]>a{color:inherit;font-size:inherit;line-height:inherit}.elementor-widget-heading .elementor-heading-title.elementor-size-small{font-size:15px}.elementor-widget-heading .elementor-heading-title.elementor-size-medium{font-size:19px}.elementor-widget-heading .elementor-heading-title.elementor-size-large{font-size:29px}.elementor-widget-heading .elementor-heading-title.elementor-size-xl{font-size:39px}.elementor-widget-heading .elementor-heading-title.elementor-size-xxl{font-size:59px}<\/style><h1 class=\"elementor-heading-title elementor-size-default\">Les 12 meilleures excursions \u00e0 Tenerife<\/h1>\t\t<\/div>\n\t\t\t\t<\/div>\n\t\t\t\t\t<\/div>\n\t\t<\/div>\n\t\t\t\t\t\t\t<\/div>\n\t\t<\/section>\n\t\t\t\t<section class=\"elementor-section elementor-top-section elementor-element elementor-element-d73c468 elementor-section-boxed elementor-section-height-default elementor-section-height-default\" data-id=\"d73c468\" data-element_type=\"section\">\n\t\t\t\t\t\t<div class=\"elementor-container elementor-column-gap-default\">\n\t\t\t\t\t<div class=\"elementor-column elementor-col-100 elementor-top-column elementor-element elementor-element-3e31657\" data-id=\"3e31657\" data-element_type=\"column\">\n\t\t\t<div class=\"elementor-widget-wrap elementor-element-populated\">\n\t\t\t\t\t\t\t\t<section class=\"elementor-section elementor-inner-section elementor-element elementor-element-f63b258 elementor-section-boxed elementor-section-height-default elementor-section-height-default\" data-id=\"f63b258\" data-element_type=\"section\">\n\t\t\t\t\t\t<div class=\"elementor-container elementor-column-gap-default\">\n\t\t\t\t\t<div class=\"elementor-column elementor-col-33 elementor-inner-column elementor-element elementor-element-d021963\" data-id=\"d021963\" data-element_type=\"column\" data-settings=\"{&quot;background_background&quot;:&quot;classic&quot;}\">\n\t\t\t<div class=\"elementor-widget-wrap elementor-element-populated\">\n\t\t\t\t\t\t\t\t<div class=\"elementor-element elementor-element-f81a0d8 elementor-position-top elementor-widget elementor-widget-image-box\" data-id=\"f81a0d8\" data-element_type=\"widget\" data-widget_type=\"image-box.default\">\n\t\t\t\t<div class=\"elementor-widget-container\">\n\t\t\t<style>\/*! elementor - v3.18.0 - 08-12-2023 *\/\n.elementor-widget-image-box .elementor-image-box-content{width:100%}@media (min-width:768px){.elementor-widget-image-box.elementor-position-left .elementor-image-box-wrapper,.elementor-widget-image-box.elementor-position-right .elementor-image-box-wrapper{display:flex}.elementor-widget-image-box.elementor-position-right .elementor-image-box-wrapper{text-align:right;flex-direction:row-reverse}.elementor-widget-image-box.elementor-position-left .elementor-image-box-wrapper{text-align:left;flex-direction:row}.elementor-widget-image-box.elementor-position-top .elementor-image-box-img{margin:auto}.elementor-widget-image-box.elementor-vertical-align-top .elementor-image-box-wrapper{align-items:flex-start}.elementor-widget-image-box.elementor-vertical-align-middle .elementor-image-box-wrapper{align-items:center}.elementor-widget-image-box.elementor-vertical-align-bottom .elementor-image-box-wrapper{align-items:flex-end}}@media (max-width:767px){.elementor-widget-image-box .elementor-image-box-img{margin-left:auto!important;margin-right:auto!important;margin-bottom:15px}}.elementor-widget-image-box .elementor-image-box-img{display:inline-block}.elementor-widget-image-box .elementor-image-box-title a{color:inherit}.elementor-widget-image-box .elementor-image-box-wrapper{text-align:center}.elementor-widget-image-box .elementor-image-box-description{margin:0}<\/style><div class=\"elementor-image-box-wrapper\"><figure class=\"elementor-image-box-img\"><img fetchpriority=\"high\" decoding=\"async\" width=\"250\" height=\"220\" src=\"https:\/\/www.renterife-tenerife.com\/wp-content\/uploads\/2023\/05\/4118a159-0ad9-447b-8435-f4d163a77a59-250x220.jpg\" class=\"elementor-animation-pulse attachment-post-thumbnail size-post-thumbnail wp-image-39113\" alt=\"Observation des \u00e9toiles \u00e0 T\u00e9n\u00e9rife\" \/><\/figure><div class=\"elementor-image-box-content\"><h2 class=\"elementor-image-box-title\">Observer le Teide<\/h2><p class=\"elementor-image-box-description\">D\u00e9couvrez la magie du ciel nocturne en observant les \u00e9toiles \u00e0 T\u00e9n\u00e9rife. Observez les \u00e9toiles, les plan\u00e8tes et les constellations comme jamais auparavant.<\/p><\/div><\/div>\t\t<\/div>\n\t\t\t\t<\/div>\n\t\t\t\t<div class=\"elementor-element elementor-element-980441d elementor-align-center elementor-widget elementor-widget-button\" data-id=\"980441d\" data-element_type=\"widget\" data-widget_type=\"button.default\">\n\t\t\t\t<div class=\"elementor-widget-container\">\n\t\t\t\t\t<div class=\"elementor-button-wrapper\">\n\t\t\t<a class=\"elementor-button elementor-button-link elementor-size-sm\" href=\"https:\/\/triperife-excursions.com\/en\/listing\/nightskies-tenerife\/\" target=\"_blank\" rel=\"noopener\">\n\t\t\t\t\t\t<span class=\"elementor-button-content-wrapper\">\n\t\t\t\t\t\t<span class=\"elementor-button-text\">Teide By Night<\/span>\n\t\t<\/span>\n\t\t\t\t\t<\/a>\n\t\t<\/div>\n\t\t\t\t<\/div>\n\t\t\t\t<\/div>\n\t\t\t\t\t<\/div>\n\t\t<\/div>\n\t\t\t\t<div class=\"elementor-column elementor-col-33 elementor-inner-column elementor-element elementor-element-c0d1a73\" data-id=\"c0d1a73\" data-element_type=\"column\" data-settings=\"{&quot;background_background&quot;:&quot;classic&quot;}\">\n\t\t\t<div class=\"elementor-widget-wrap elementor-element-populated\">\n\t\t\t\t\t\t\t\t<div class=\"elementor-element elementor-element-ebb4819 elementor-position-top elementor-widget elementor-widget-image-box\" data-id=\"ebb4819\" data-element_type=\"widget\" data-widget_type=\"image-box.default\">\n\t\t\t\t<div class=\"elementor-widget-container\">\n\t\t\t<div class=\"elementor-image-box-wrapper\"><figure class=\"elementor-image-box-img\"><img decoding=\"async\" width=\"250\" height=\"220\" src=\"https:\/\/www.renterife-tenerife.com\/wp-content\/uploads\/2023\/05\/Hire-a-yacht-in-Tenerife-250x220.jpg\" class=\"elementor-animation-pulse attachment-post-thumbnail size-post-thumbnail wp-image-39115\" alt=\"Excursion en bateau de l&#039;Op\u00e9ra 60 \u00e0 T\u00e9n\u00e9rife\" \/><\/figure><div class=\"elementor-image-box-content\"><h2 class=\"elementor-image-box-title\">Op\u00e9ra 60 Excursion en bateau<\/h2><p class=\"elementor-image-box-description\">D\u00e9couvrez le magnifique littoral de T\u00e9n\u00e9rife avec le bateau partag\u00e9 Opera 60. Un moyen id\u00e9al pour profiter de la mer et du soleil avec des amis ou la famille.<\/p><\/div><\/div>\t\t<\/div>\n\t\t\t\t<\/div>\n\t\t\t\t<div class=\"elementor-element elementor-element-e93ba0d elementor-align-center elementor-widget elementor-widget-button\" data-id=\"e93ba0d\" data-element_type=\"widget\" data-widget_type=\"button.default\">\n\t\t\t\t<div class=\"elementor-widget-container\">\n\t\t\t\t\t<div class=\"elementor-button-wrapper\">\n\t\t\t<a class=\"elementor-button elementor-button-link elementor-size-sm\" href=\"https:\/\/triperife-excursions.com\/en\/listing\/opera-60\/\" target=\"_blank\" rel=\"noopener\">\n\t\t\t\t\t\t<span class=\"elementor-button-content-wrapper\">\n\t\t\t\t\t\t<span class=\"elementor-button-text\">Bateau Opera 60 <\/span>\n\t\t<\/span>\n\t\t\t\t\t<\/a>\n\t\t<\/div>\n\t\t\t\t<\/div>\n\t\t\t\t<\/div>\n\t\t\t\t\t<\/div>\n\t\t<\/div>\n\t\t\t\t<div class=\"elementor-column elementor-col-33 elementor-inner-column elementor-element elementor-element-dd0ecd5\" data-id=\"dd0ecd5\" data-element_type=\"column\" data-settings=\"{&quot;background_background&quot;:&quot;classic&quot;}\">\n\t\t\t<div class=\"elementor-widget-wrap elementor-element-populated\">\n\t\t\t\t\t\t\t\t<div class=\"elementor-element elementor-element-af46608 elementor-position-top elementor-widget elementor-widget-image-box\" data-id=\"af46608\" data-element_type=\"widget\" data-widget_type=\"image-box.default\">\n\t\t\t\t<div class=\"elementor-widget-container\">\n\t\t\t<div class=\"elementor-image-box-wrapper\"><figure class=\"elementor-image-box-img\"><img decoding=\"async\" width=\"250\" height=\"220\" src=\"https:\/\/www.renterife-tenerife.com\/wp-content\/uploads\/2023\/05\/279895563_1437362973362920_3393208687103583802_n-2.jpg-1-1200x900-1-250x220.webp\" class=\"elementor-animation-pulse attachment-post-thumbnail size-post-thumbnail wp-image-39116\" alt=\"\" \/><\/figure><div class=\"elementor-image-box-content\"><h2 class=\"elementor-image-box-title\">Parapente \u00e0 T\u00e9n\u00e9rife<\/h2><p class=\"elementor-image-box-description\">D\u00e9couvrez les sensations du parapente et profitez d'une vue \u00e0 couper le souffle sur les magnifiques paysages de T\u00e9n\u00e9rife. R\u00e9servez votre aventure d\u00e8s aujourd'hui<\/p><\/div><\/div>\t\t<\/div>\n\t\t\t\t<\/div>\n\t\t\t\t<div class=\"elementor-element elementor-element-e120c70 elementor-align-center elementor-widget elementor-widget-button\" data-id=\"e120c70\" data-element_type=\"widget\" data-widget_type=\"button.default\">\n\t\t\t\t<div class=\"elementor-widget-container\">\n\t\t\t\t\t<div class=\"elementor-button-wrapper\">\n\t\t\t<a class=\"elementor-button elementor-button-link elementor-size-sm\" href=\"#\">\n\t\t\t\t\t\t<span class=\"elementor-button-content-wrapper\">\n\t\t\t\t\t\t<span class=\"elementor-button-text\">Parapente Tenerife<\/span>\n\t\t<\/span>\n\t\t\t\t\t<\/a>\n\t\t<\/div>\n\t\t\t\t<\/div>\n\t\t\t\t<\/div>\n\t\t\t\t\t<\/div>\n\t\t<\/div>\n\t\t\t\t\t\t\t<\/div>\n\t\t<\/section>\n\t\t\t\t<section class=\"elementor-section elementor-inner-section elementor-element elementor-element-5b76152 elementor-section-boxed elementor-section-height-default elementor-section-height-default\" data-id=\"5b76152\" data-element_type=\"section\">\n\t\t\t\t\t\t<div class=\"elementor-container elementor-column-gap-default\">\n\t\t\t\t\t<div class=\"elementor-column elementor-col-33 elementor-inner-column elementor-element elementor-element-e995077\" data-id=\"e995077\" data-element_type=\"column\" data-settings=\"{&quot;background_background&quot;:&quot;classic&quot;}\">\n\t\t\t<div class=\"elementor-widget-wrap elementor-element-populated\">\n\t\t\t\t\t\t\t\t<div class=\"elementor-element elementor-element-e7466c3 elementor-position-top elementor-widget elementor-widget-image-box\" data-id=\"e7466c3\" data-element_type=\"widget\" data-widget_type=\"image-box.default\">\n\t\t\t\t<div class=\"elementor-widget-container\">\n\t\t\t<div class=\"elementor-image-box-wrapper\"><figure class=\"elementor-image-box-img\"><img loading=\"lazy\" decoding=\"async\" width=\"250\" height=\"220\" src=\"https:\/\/www.renterife-tenerife.com\/wp-content\/uploads\/2023\/05\/two-young-girls-on-a-jet-ski-in-san-tropez-riding-2022-03-08-00-00-38-utc-2-1200x675-2-250x220.webp\" class=\"elementor-animation-pulse attachment-post-thumbnail size-post-thumbnail wp-image-39117\" alt=\"\" \/><\/figure><div class=\"elementor-image-box-content\"><h2 class=\"elementor-image-box-title\">Jetski Tenerife<\/h2><p class=\"elementor-image-box-description\">Faites l'exp\u00e9rience du plaisir de naviguer sur les vagues et admirez le magnifique littoral de T\u00e9n\u00e9rife lors d'une excursion en jetski. Parfait pour les d\u00e9butants et les pilotes exp\u00e9riment\u00e9s.<\/p><\/div><\/div>\t\t<\/div>\n\t\t\t\t<\/div>\n\t\t\t\t<div class=\"elementor-element elementor-element-398bc8e elementor-align-center elementor-widget elementor-widget-button\" data-id=\"398bc8e\" data-element_type=\"widget\" data-widget_type=\"button.default\">\n\t\t\t\t<div class=\"elementor-widget-container\">\n\t\t\t\t\t<div class=\"elementor-button-wrapper\">\n\t\t\t<a class=\"elementor-button elementor-button-link elementor-size-sm\" href=\"https:\/\/triperife-excursions.com\/en\/listing\/jetski-tenerife\/\" target=\"_blank\" rel=\"noopener\">\n\t\t\t\t\t\t<span class=\"elementor-button-content-wrapper\">\n\t\t\t\t\t\t<span class=\"elementor-button-text\">Jetski Tenerife<\/span>\n\t\t<\/span>\n\t\t\t\t\t<\/a>\n\t\t<\/div>\n\t\t\t\t<\/div>\n\t\t\t\t<\/div>\n\t\t\t\t\t<\/div>\n\t\t<\/div>\n\t\t\t\t<div class=\"elementor-column elementor-col-33 elementor-inner-column elementor-element elementor-element-57e6262\" data-id=\"57e6262\" data-element_type=\"column\" data-settings=\"{&quot;background_background&quot;:&quot;classic&quot;}\">\n\t\t\t<div class=\"elementor-widget-wrap elementor-element-populated\">\n\t\t\t\t\t\t\t\t<div class=\"elementor-element elementor-element-d1550ba elementor-position-top elementor-widget elementor-widget-image-box\" data-id=\"d1550ba\" data-element_type=\"widget\" data-widget_type=\"image-box.default\">\n\t\t\t\t<div class=\"elementor-widget-container\">\n\t\t\t<div class=\"elementor-image-box-wrapper\"><figure class=\"elementor-image-box-img\"><img loading=\"lazy\" decoding=\"async\" width=\"250\" height=\"220\" src=\"https:\/\/www.renterife-tenerife.com\/wp-content\/uploads\/2023\/05\/64-1-250x220.webp\" class=\"elementor-animation-pulse attachment-post-thumbnail size-post-thumbnail wp-image-39119\" alt=\"\" \/><\/figure><div class=\"elementor-image-box-content\"><h2 class=\"elementor-image-box-title\">Vulcan Ocean Private<\/h2><p class=\"elementor-image-box-description\">Bateau priv\u00e9 Vulcan Ocean \u00e0 Tenerife : Profitez d'une excursion en bateau luxueuse et exclusive avec une attention personnalis\u00e9e. Explorez les eaux cristallines de Tenerife avec style.\n\n\n<\/p><\/div><\/div>\t\t<\/div>\n\t\t\t\t<\/div>\n\t\t\t\t<div class=\"elementor-element elementor-element-921892a elementor-align-center elementor-widget elementor-widget-button\" data-id=\"921892a\" data-element_type=\"widget\" data-widget_type=\"button.default\">\n\t\t\t\t<div class=\"elementor-widget-container\">\n\t\t\t\t\t<div class=\"elementor-button-wrapper\">\n\t\t\t<a class=\"elementor-button elementor-button-link elementor-size-sm\" href=\"#\">\n\t\t\t\t\t\t<span class=\"elementor-button-content-wrapper\">\n\t\t\t\t\t\t<span class=\"elementor-button-text\">Plus d'informations<\/span>\n\t\t<\/span>\n\t\t\t\t\t<\/a>\n\t\t<\/div>\n\t\t\t\t<\/div>\n\t\t\t\t<\/div>\n\t\t\t\t\t<\/div>\n\t\t<\/div>\n\t\t\t\t<div class=\"elementor-column elementor-col-33 elementor-inner-column elementor-element elementor-element-15fc0c1\" data-id=\"15fc0c1\" data-element_type=\"column\" data-settings=\"{&quot;background_background&quot;:&quot;classic&quot;}\">\n\t\t\t<div class=\"elementor-widget-wrap elementor-element-populated\">\n\t\t\t\t\t\t\t\t<div class=\"elementor-element elementor-element-5576748 elementor-position-top elementor-widget elementor-widget-image-box\" data-id=\"5576748\" data-element_type=\"widget\" data-widget_type=\"image-box.default\">\n\t\t\t\t<div class=\"elementor-widget-container\">\n\t\t\t<div class=\"elementor-image-box-wrapper\"><figure class=\"elementor-image-box-img\"><img loading=\"lazy\" decoding=\"async\" width=\"250\" height=\"220\" src=\"https:\/\/www.renterife-tenerife.com\/wp-content\/uploads\/2023\/05\/close-up-and-selfie-of-two-happy-people-together-f-2021-08-30-23-46-10-utc-2-250x220.webp\" class=\"elementor-animation-pulse attachment-post-thumbnail size-post-thumbnail wp-image-39120\" alt=\"\" \/><\/figure><div class=\"elementor-image-box-content\"><h2 class=\"elementor-image-box-title\">Parachute ascensionnel \u00e0 Tenerife<\/h2><p class=\"elementor-image-box-description\">Le parachute ascensionnel \u00e0 Tenerife est une activit\u00e9 passionnante qui offre une vue imprenable sur le littoral depuis les hauteurs. Faites le plein d'adr\u00e9naline en vous \u00e9levant dans les airs,<\/p><\/div><\/div>\t\t<\/div>\n\t\t\t\t<\/div>\n\t\t\t\t<div class=\"elementor-element elementor-element-6ff1c37 elementor-align-center elementor-widget elementor-widget-button\" data-id=\"6ff1c37\" data-element_type=\"widget\" data-widget_type=\"button.default\">\n\t\t\t\t<div class=\"elementor-widget-container\">\n\t\t\t\t\t<div class=\"elementor-button-wrapper\">\n\t\t\t<a class=\"elementor-button elementor-button-link elementor-size-sm\" href=\"#\">\n\t\t\t\t\t\t<span class=\"elementor-button-content-wrapper\">\n\t\t\t\t\t\t<span class=\"elementor-button-text\">Plus d'informations<\/span>\n\t\t<\/span>\n\t\t\t\t\t<\/a>\n\t\t<\/div>\n\t\t\t\t<\/div>\n\t\t\t\t<\/div>\n\t\t\t\t\t<\/div>\n\t\t<\/div>\n\t\t\t\t\t\t\t<\/div>\n\t\t<\/section>\n\t\t\t\t\t<\/div>\n\t\t<\/div>\n\t\t\t\t\t\t\t<\/div>\n\t\t<\/section>\n\t\t\t\t<section class=\"elementor-section elementor-top-section elementor-element elementor-element-caa9d07 elementor-section-boxed elementor-section-height-default elementor-section-height-default\" data-id=\"caa9d07\" data-element_type=\"section\">\n\t\t\t\t\t\t<div class=\"elementor-container elementor-column-gap-default\">\n\t\t\t\t\t<div class=\"elementor-column elementor-col-100 elementor-top-column elementor-element elementor-element-4739a49\" data-id=\"4739a49\" data-element_type=\"column\">\n\t\t\t<div class=\"elementor-widget-wrap elementor-element-populated\">\n\t\t\t\t\t\t\t\t<div class=\"elementor-element elementor-element-4681458 elementor-widget elementor-widget-heading\" data-id=\"4681458\" data-element_type=\"widget\" data-widget_type=\"heading.default\">\n\t\t\t\t<div class=\"elementor-widget-container\">\n\t\t\t<h2 class=\"elementor-heading-title elementor-size-default\">Triperife Excursions est une soci\u00e9t\u00e9 d'excursions class\u00e9e 5 \u00e9toiles \u00e0 Tenerife.<\/h2>\t\t<\/div>\n\t\t\t\t<\/div>\n\t\t\t\t<div class=\"elementor-element elementor-element-8dde690 elementor-widget elementor-widget-text-editor\" data-id=\"8dde690\" data-element_type=\"widget\" data-widget_type=\"text-editor.default\">\n\t\t\t\t<div class=\"elementor-widget-container\">\n\t\t\t<style>\/*! elementor - v3.18.0 - 08-12-2023 *\/\n.elementor-widget-text-editor.elementor-drop-cap-view-stacked .elementor-drop-cap{background-color:#69727d;color:#fff}.elementor-widget-text-editor.elementor-drop-cap-view-framed .elementor-drop-cap{color:#69727d;border:3px solid;background-color:transparent}.elementor-widget-text-editor:not(.elementor-drop-cap-view-default) .elementor-drop-cap{margin-top:8px}.elementor-widget-text-editor:not(.elementor-drop-cap-view-default) .elementor-drop-cap-letter{width:1em;height:1em}.elementor-widget-text-editor .elementor-drop-cap{float:left;text-align:center;line-height:1;font-size:50px}.elementor-widget-text-editor .elementor-drop-cap-letter{display:inline-block}<\/style>\t\t\t\t<p>Tenerife est un v\u00e9ritable paradis pour les amateurs d'aventure et les amoureux de la nature, et il n'y a pas de meilleur moyen d'explorer l'\u00eele qu'avec<b>\u00a0<a href=\"https:\/\/triperife-excursions.com\/en\/\" target=\"_blank\" rel=\"noopener\">Triperife Excursions<\/a><\/b>. Avec une note de 5 \u00e9toiles,\u00a0<a href=\"https:\/\/triperife-excursions.com\/en\/\" target=\"_blank\" rel=\"noopener\"><b>Triperife Excursions Tenerife<\/b><\/a>\u00a0est l'une des meilleures compagnies touristiques de T\u00e9n\u00e9rife, offrant la gamme la plus vari\u00e9e d'activit\u00e9s et d'excursions pour satisfaire tous les go\u00fbts et tous les int\u00e9r\u00eats.<\/p><p>Pour les amateurs de sensations fortes,\u00a0<a href=\"https:\/\/triperife-excursions.com\/en\/\" target=\"_blank\" rel=\"noopener\"><b>Triperife Excursions Tenerife<\/b><\/a>\u00a0propose un large \u00e9ventail d'activit\u00e9s qui font monter l'adr\u00e9naline, notamment le parapente, le jet-ski et les excursions en quad tout-terrain. Prenez de la hauteur et admirez les paysages \u00e9poustouflants de T\u00e9n\u00e9riffe en survolant l'\u00eele, le vent dans les cheveux. Pour les amoureux de l'eau, montez \u00e0 bord d'un jet ski et sentez le bruit des vagues sous vos pieds en explorant les eaux cristallines de T\u00e9n\u00e9rife.<\/p><p>Si vous pr\u00e9f\u00e9rez un rythme plus d\u00e9contract\u00e9,\u00a0<a href=\"https:\/\/triperife-excursions.com\/en\/\" target=\"_blank\" rel=\"noopener\"><b>Triperife Excursions Tenerife<\/b><\/a>\u00a0vous couvre \u00e9galement. D\u00e9tendez-vous et profitez du soleil lors de l'une de leurs croisi\u00e8res en catamaran, en admirant les vues pittoresques de la c\u00f4te tout en sirotant une boisson rafra\u00eechissante. Vous pouvez \u00e9galement explorer les profondeurs de l'oc\u00e9an lors d'une excursion de plong\u00e9e sous-marine et d\u00e9couvrir les merveilles sous-marines de la vie marine de T\u00e9n\u00e9riffe.<\/p><p>Mais ce n'est pas tout.\u00a0<b><a href=\"https:\/\/triperife-excursions.com\/en\/\" target=\"_blank\" rel=\"noopener\">Triperife Excursions Tenerife<\/a>r<\/b>\u00a0Des guides experts vous emm\u00e8neront \u00e0 la d\u00e9couverte des merveilles naturelles et des tr\u00e9sors culturels de T\u00e9n\u00e9rife, du majestueux mont Teide aux charmantes villes et villages diss\u00e9min\u00e9s sur toute l'\u00eele. Que vous souhaitiez explorer les for\u00eats luxuriantes et les plages magnifiques de T\u00e9n\u00e9rife ou vous plonger dans sa riche histoire et sa culture, Triperife a une excursion qui vous conviendra.<\/p><p>R\u00e9servation aupr\u00e8s de\u00a0<a href=\"https:\/\/triperife-excursions.com\/en\/\" target=\"_blank\" rel=\"noopener\"><b>Triperife Excursions Tenerife<\/b><\/a>\u00a0est facile, et leur personnel amical veillera \u00e0 ce que vous viviez une exp\u00e9rience inoubliable du d\u00e9but \u00e0 la fin. Ils fournissent tout l'\u00e9quipement n\u00e9cessaire et garantissent les normes de s\u00e9curit\u00e9 les plus \u00e9lev\u00e9es, de sorte qu'il ne vous reste plus qu'\u00e0 vous pr\u00e9senter et \u00e0 profiter de la balade.<\/p><p>Ne manquez pas l'occasion de d\u00e9couvrir le meilleur de Tenerife avec Triperife Excursions. R\u00e9servez votre excursion d\u00e8s aujourd'hui et cr\u00e9ez des souvenirs qui dureront toute votre vie.<\/p>\t\t\t\t\t\t<\/div>\n\t\t\t\t<\/div>\n\t\t\t\t\t<\/div>\n\t\t<\/div>\n\t\t\t\t\t\t\t<\/div>\n\t\t<\/section>\n\t\t\t\t\t\t\t<\/div>","protected":false},"excerpt":{"rendered":"<p>Les 12 meilleures excursions \u00e0 Tenerife Observation des \u00e9toiles \u00e0 Teide Vivez la magie du ciel nocturne en observant les \u00e9toiles \u00e0 Tenerife. Observez les \u00e9toiles, les plan\u00e8tes et les constellations comme jamais auparavant. Teide By Night Opera 60 Boat trip D\u00e9couvrez le magnifique littoral de T\u00e9n\u00e9rife avec l'Opera 60, un bateau partag\u00e9. Une fa\u00e7on parfaite de profiter de la mer et du soleil ...<\/p>","protected":false},"author":1,"featured_media":0,"parent":0,"menu_order":0,"comment_status":"closed","ping_status":"closed","template":"","meta":{"_monsterinsights_skip_tracking":false,"_monsterinsights_sitenote_active":false,"_monsterinsights_sitenote_note":"","_monsterinsights_sitenote_category":0,"footnotes":"","_joinchat":[]},"_links":{"self":[{"href":"https:\/\/www.renterife-tenerife.com\/fr\/wp-json\/wp\/v2\/pages\/39110"}],"collection":[{"href":"https:\/\/www.renterife-tenerife.com\/fr\/wp-json\/wp\/v2\/pages"}],"about":[{"href":"https:\/\/www.renterife-tenerife.com\/fr\/wp-json\/wp\/v2\/types\/page"}],"author":[{"embeddable":true,"href":"https:\/\/www.renterife-tenerife.com\/fr\/wp-json\/wp\/v2\/users\/1"}],"replies":[{"embeddable":true,"href":"https:\/\/www.renterife-tenerife.com\/fr\/wp-json\/wp\/v2\/comments?post=39110"}],"version-history":[{"count":19,"href":"https:\/\/www.renterife-tenerife.com\/fr\/wp-json\/wp\/v2\/pages\/39110\/revisions"}],"predecessor-version":[{"id":39597,"href":"https:\/\/www.renterife-tenerife.com\/fr\/wp-json\/wp\/v2\/pages\/39110\/revisions\/39597"}],"wp:attachment":[{"href":"https:\/\/www.renterife-tenerife.com\/fr\/wp-json\/wp\/v2\/media?parent=39110"}],"curies":[{"name":"wp","href":"https:\/\/api.w.org\/{rel}","templated":true}]}}